{"id":3255,"date":"2024-06-20T18:19:39","date_gmt":"2024-06-20T18:19:39","guid":{"rendered":"https:\/\/elburgo-burgelu.eus\/gardentasun-ataria\/"},"modified":"2024-11-26T16:18:59","modified_gmt":"2024-11-26T16:18:59","slug":"gardentasun-ataria","status":"publish","type":"page","link":"https:\/\/elburgo-burgelu.eus\/eu\/gardentasun-ataria\/","title":{"rendered":"Gardentasun Ataria"},"content":{"rendered":"\t\t<div data-elementor-type=\"wp-page\" data-elementor-id=\"3255\" class=\"elementor elementor-3255 elementor-1693\" data-elementor-post-type=\"page\">\n\t\t\t\t\t\t<section class=\"elementor-section elementor-top-section elementor-element elementor-element-0cc7ee8 elementor-section-full_width elementor-section-height-default elementor-section-height-default\" data-id=\"0cc7ee8\" data-element_type=\"section\">\n\t\t\t\t\t\t<div class=\"elementor-container elementor-column-gap-default\">\n\t\t\t\t\t<div class=\"elementor-column elementor-col-100 elementor-top-column elementor-element elementor-element-46244cf\" data-id=\"46244cf\" data-element_type=\"column\">\n\t\t\t<div class=\"elementor-widget-wrap elementor-element-populated\">\n\t\t\t\t\t\t<div class=\"elementor-element elementor-element-836e649 elementor-widget elementor-widget-whitehall_department_details\" data-id=\"836e649\" data-element_type=\"widget\" data-widget_type=\"whitehall_department_details.default\">\n\t\t\t\t<div class=\"elementor-widget-container\">\n\t\t\t        \n        <!-- department-details -->\n        <section class=\"department-details bg-color-1 sec-pad-2\">\n            <div class=\"auto-container\">\n                <div class=\"row clearfix\">\n                    <div class=\"col-lg-8 col-md-12 col-sm-12 content-side\">\n                        <div class=\"department-details-content\">\n\t\t\t\t\t\t\t\t\t\t\t\t\t\t\n                            <div class=\"text\">\n                                <h3>Gardentasunaren Ataria<\/h3>\n                                <p>Informazio publikoa eskuratzeko eskubidea oinarrizko eskubide bat da, herritarrek erakunde publikoetatik informazioa eskatu eta jasotzeko aukera ematen diena. Edozein pertsonak, fisikoak zein juridikoak, informazio publikoa eskura dezake, betiere eskaerak indarrean dagoen araudian ezarritako baldintzak betetzen baditu. Eskubide horri esker, herritarrek jakin dezakete nola kudeatzen diren baliabide publikoak, zer erabaki hartzen diren eta nola eragiten duten gizartean, oro har. Euskal Herrian, tokiko erakundeak behartuta daude informazio publikorako sarbidea modu argi eta gardenean erraztera. Herritarrek aurrekontuei, kontratuei, diru-laguntzei, araudiei buruzko informazioa eska dezakete, kudeaketa publikoarekin lotutako beste alderdi batzuen artean.<br><br>\n\n<a href=\"https:\/\/udalenegoitza.araba.eus\/experta\/web\/fichaAsunto.do?opcion=0&amp;op=25&amp;entidad=ELBURGO&amp;idioma=1&amp;asas_ide_asu=2843&amp;nocache=0.695714594245217\">\nInformazio publikora sartzeko eskaera<\/a>\n<br><br>\n<a href=\"https:\/\/elburgo-burgelu.eus\/departments__trashed\/normativa\/\">Ikusi araudia<\/a>\n<\/p>\n                            <\/div>\n\t\t\t\t\t\t\t\n\t\t\t\t\t\t\t                            <div class=\"discription-box centred\">\n                                <div class=\"two-column-carousel owl-carousel owl-theme owl-nav-none\">\n                                    \t\t\t\t\t\t\t\t\t<div class=\"single-item\">\n                                        <div class=\"inner-box\">\n                                            <figure class=\"image-box\"><img decoding=\"async\" src=\"\" alt=\"Awesome Image\"><\/figure>\n                                            <h5><\/h5>\n                                        <\/div>\n                                        <div class=\"overlay-content\">\n                                            <figure class=\"image-box\"><img decoding=\"async\" src=\"\" alt=\"Awesome Image\"><\/figure>\n                                            <p><\/p>\n                                        <\/div>\n                                    <\/div>\n                                                                    <\/div>\n                            <\/div>\n\t\t\t\t\t\t\t\t\t\t\t\t\t\t\n\t\t\t\t\t\t\t                            <div class=\"highlights-box\">\n                                <div class=\"single-item-carousel owl-carousel owl-theme owl-dots-none\">\n                                                                        <div class=\"row clearfix\">\n                                        <div class=\"col-lg-6 col-md-6 col-sm-12 image-column\">\n                                            <div class=\"image-box\">\n                                                <figure class=\"image\"><img decoding=\"async\" src=\"https:\/\/elburgo-burgelu.eus\/wp-content\/uploads\/2021\/06\/highlights-1.png\" alt=\"Awesome Image\"><\/figure>\n                                                <div class=\"icon-box\"><i class=\"icon flaticon-map\"><\/i><\/div>\n                                            <\/div>\n                                        <\/div>\n                                        <div class=\"col-lg-6 col-md-6 col-sm-12 text-column\">\n                                            <div class=\"text\">\n                                                <h3>Nuestros pueblos<\/h3>\n                                                <p><\/p>\n\t\t\t\t\t\t\t\t\t\t\t\t\n\t\t\t\t\t\t\t\t\t\t\t\t                                                <ul class=\"list clearfix\">\n\t\t\t\t\t\t\t\t\t\t\t\t\t                                                    <li><i class=\"flaticon-bird\"><\/i>Arg\u00f3maniz<\/li>\n\t\t\t\t\t\t\t\t\t\t\t\t\t                                                    <li><i class=\"flaticon-bird\"><\/i>Gazeta<\/li>\n\t\t\t\t\t\t\t\t\t\t\t\t\t                                                    <li><i class=\"flaticon-bird\"><\/i>Hijona<\/li>\n\t\t\t\t\t\t\t\t\t\t\t\t\t                                                    <li><i class=\"flaticon-bird\"><\/i>Az\u00faa<\/li>\n\t\t\t\t\t\t\t\t\t\t\t\t\t                                                    <li><i class=\"flaticon-bird\"><\/i>A\u00f1ua<\/li>\n\t\t\t\t\t\t\t\t\t\t\t\t\t                                                    <li><i class=\"flaticon-bird\"><\/i>Arbulu<\/li>\n\t\t\t\t\t\t\t\t\t\t\t\t\t                                                    <li><i class=\"flaticon-bird\"><\/i>Elburgo<\/li>\n\t\t\t\t\t\t\t\t\t\t\t\t\t                                                <\/ul>\n\t\t\t\t\t\t\t\t\t\t\t\t\t\t\t\t\t\t\t\t\t\t\t\t\n\t\t\t\t\t\t\t\t\t\t\t\t                                                <a href=\"#\">Conocer nuestros pueblos<i class=\"flaticon-right-arrow\"><\/i><\/a>\n\t\t\t\t\t\t\t\t\t\t\t\t                                            <\/div>\n                                        <\/div>\n                                    <\/div>\n                                                                        <div class=\"row clearfix\">\n                                        <div class=\"col-lg-6 col-md-6 col-sm-12 image-column\">\n                                            <div class=\"image-box\">\n                                                <figure class=\"image\"><img decoding=\"async\" src=\"https:\/\/elburgo-burgelu.eus\/wp-content\/uploads\/2021\/06\/highlights-1.png\" alt=\"Awesome Image\"><\/figure>\n                                                <div class=\"icon-box\"><i class=\"icon flaticon-bridge\"><\/i><\/div>\n                                            <\/div>\n                                        <\/div>\n                                        <div class=\"col-lg-6 col-md-6 col-sm-12 text-column\">\n                                            <div class=\"text\">\n                                                <h3>Patrimonio<\/h3>\n                                                <p>En nuestros n\u00facleos contamos con bellos edificios cuya historia y arquitectura son dignos de rese\u00f1ar.<\/p>\n\t\t\t\t\t\t\t\t\t\t\t\t\n\t\t\t\t\t\t\t\t\t\t\t\t\t\t\t\t\t\t\t\t\t\t\t\t\n\t\t\t\t\t\t\t\t\t\t\t\t                                                <a href=\"#\">nuestro patrimonio<i class=\"flaticon-right-arrow\"><\/i><\/a>\n\t\t\t\t\t\t\t\t\t\t\t\t                                            <\/div>\n                                        <\/div>\n                                    <\/div>\n                                                                        <div class=\"row clearfix\">\n                                        <div class=\"col-lg-6 col-md-6 col-sm-12 image-column\">\n                                            <div class=\"image-box\">\n                                                <figure class=\"image\"><img decoding=\"async\" src=\"https:\/\/elburgo-burgelu.eus\/wp-content\/uploads\/2021\/06\/highlights-1.png\" alt=\"Awesome Image\"><\/figure>\n                                                <div class=\"icon-box\"><i class=\"fa fa-city\"><\/i><\/div>\n                                            <\/div>\n                                        <\/div>\n                                        <div class=\"col-lg-6 col-md-6 col-sm-12 text-column\">\n                                            <div class=\"text\">\n                                                <h3>Edificios con historia<\/h3>\n                                                <p>Todo aquello por lo que el tiempo pasa, genera su propia historia. Paseando por nuestro municipio podemos ver que la historia tambi\u00e9n a nosotros nos ha dejado su firma. Tenemos edificios civiles y religiosos, pero tambi\u00e9n existen restos de lo que antes fue algo de valor e importancia para el que vivi\u00f3 en aquella \u00e9poca y que nos ayuda a conocer mejor el entorno en el que vivimos.<\/p>\n\t\t\t\t\t\t\t\t\t\t\t\t\n\t\t\t\t\t\t\t\t\t\t\t\t\t\t\t\t\t\t\t\t\t\t\t\t\n\t\t\t\t\t\t\t\t\t\t\t\t                                                <a href=\"#\">nuestra historia<i class=\"flaticon-right-arrow\"><\/i><\/a>\n\t\t\t\t\t\t\t\t\t\t\t\t                                            <\/div>\n                                        <\/div>\n                                    <\/div>\n                                                                    <\/div>\n                            <\/div>\n\t\t\t\t\t\t\t\t\t\t\t\t\t\t\n\t\t\t\t\t\t\t                            <div class=\"download-box\">\n                                <h3><\/h3>\n                                <ul class=\"download-list clearfix\">\n                                    \t\t\t\t\t\t\t\t\t<li>\n                                        <div class=\"icon-box\"><img decoding=\"async\" src=\"https:\/\/elburgo-burgelu.eus\/wp-content\/uploads\/2021\/05\/icon-1.png\" alt=\"Icon\"><\/div>\n                                        <h5>PLAN ANUAL NORMATIVO<\/h5>\n                                        <span>pdf (14 mb)<\/span>\n\t\t\t\t\t\t\t\t\t\t\n\t\t\t\t\t\t\t\t\t\t                                        <a href=\"https:\/\/elburgo-burgelu.eus\/wp-content\/uploads\/2024\/06\/PLAN-ANUAL-NORMATIVO.pdf\">Deskargatu<\/a>\n\t\t\t\t\t\t\t\t\t\t                                    <\/li>\n                                    \t\t\t\t\t\t\t\t\t<li>\n                                        <div class=\"icon-box\"><img decoding=\"async\" src=\"https:\/\/elburgo-burgelu.eus\/wp-content\/uploads\/2021\/05\/icon-1.png\" alt=\"Icon\"><\/div>\n                                        <h5>PLAN ESTRAT\u00c9GICO DE SUBVENCIONES<\/h5>\n                                        <span>pdf (14 mb)<\/span>\n\t\t\t\t\t\t\t\t\t\t\n\t\t\t\t\t\t\t\t\t\t                                        <a href=\"https:\/\/elburgo-burgelu.eus\/wp-content\/uploads\/2024\/06\/PLAN-ESTRATEGICO-SUBVENCIONES-BOTHA.pdf\">Deskargatu<\/a>\n\t\t\t\t\t\t\t\t\t\t                                    <\/li>\n                                    \t\t\t\t\t\t\t\t\t<li>\n                                        <div class=\"icon-box\"><img decoding=\"async\" src=\"https:\/\/elburgo-burgelu.eus\/wp-content\/uploads\/2021\/05\/icon-1.png\" alt=\"Icon\"><\/div>\n                                        <h5>PROTECCI\u00d3N DE DATOS<\/h5>\n                                        <span>pdf (14 mb)<\/span>\n\t\t\t\t\t\t\t\t\t\t\n\t\t\t\t\t\t\t\t\t\t                                        <a href=\"https:\/\/elburgo-burgelu.eus\/wp-content\/uploads\/2024\/06\/RES.ALCALDIA-80-2020-DESIGNACION-DELEGADO-PROTECCION-DE-DATOS.pdf\">Deskargatu<\/a>\n\t\t\t\t\t\t\t\t\t\t                                    <\/li>\n                                    \t\t\t\t\t\t\t\t\t<li>\n                                        <div class=\"icon-box\"><img decoding=\"async\" src=\"https:\/\/elburgo-burgelu.eus\/wp-content\/uploads\/2021\/05\/icon-1.png\" alt=\"Icon\"><\/div>\n                                        <h5>TABL\u00d3N DE ANUNCIOS<\/h5>\n                                        <span>link<\/span>\n\t\t\t\t\t\t\t\t\t\t\n\t\t\t\t\t\t\t\t\t\t                                        <a href=\"https:\/\/udalenegoitza.araba.eus\/experta\/elburgo\">Deskargatu<\/a>\n\t\t\t\t\t\t\t\t\t\t                                    <\/li>\n                                    \t\t\t\t\t\t\t\t\t<li>\n                                        <div class=\"icon-box\"><img decoding=\"async\" src=\"https:\/\/elburgo-burgelu.eus\/wp-content\/uploads\/2021\/05\/icon-1.png\" alt=\"Icon\"><\/div>\n                                        <h5>Plan de medidas antifraude y anticorrupci\u00f3n del Ayuntamiento de Elburgo<\/h5>\n                                        <span>link<\/span>\n\t\t\t\t\t\t\t\t\t\t\n\t\t\t\t\t\t\t\t\t\t                                        <a href=\"https:\/\/elburgo-burgelu.eus\/wp-content\/uploads\/2024\/06\/2023_057_01380_C.pdf\">Deskargatu<\/a>\n\t\t\t\t\t\t\t\t\t\t                                    <\/li>\n                                                                    <\/ul>\n                            <\/div>\n\t\t\t\t\t\t\t                        <\/div>\n                    <\/div>\n\t\t\t\t\t\n                    <div class=\"col-lg-4 col-md-12 col-sm-12 sidebar-side\">\n                        <div class=\"department-sidebar\">\n                            <div id=\"block-8\" class=\"department-widget widget widget_block widget_text\">\n<p><\/p>\n<\/div><div id=\"nav_menu-36\" class=\"department-widget widget widget_nav_menu\"><div class=\"menu-services-sidebar-container\"><ul id=\"menu-services-sidebar\" class=\"menu\"><li id=\"menu-item-1074\" class=\"menu-item menu-item-type-post_type menu-item-object-page menu-item-1074\"><a href=\"https:\/\/elburgo-burgelu.eus\/servicio-de-atencion-ciudadana\/\">Herritarrentzako zerbitzua<\/a><\/li>\n<li id=\"menu-item-1437\" class=\"menu-item menu-item-type-post_type menu-item-object-page menu-item-1437\"><a href=\"https:\/\/elburgo-burgelu.eus\/area-de-servicios-sociales-de-base\/\">Gizarte zerbitzuen saila<\/a><\/li>\n<li id=\"menu-item-1456\" class=\"menu-item menu-item-type-post_type menu-item-object-page menu-item-1456\"><a href=\"https:\/\/elburgo-burgelu.eus\/servicio-de-igualdad\/\">Berdintasun Saila<\/a><\/li>\n<li id=\"menu-item-1459\" class=\"menu-item menu-item-type-post_type menu-item-object-page menu-item-1459\"><a href=\"https:\/\/elburgo-burgelu.eus\/area-de-cultura\/\">Kultura saila<\/a><\/li>\n<li id=\"menu-item-1481\" class=\"menu-item menu-item-type-post_type menu-item-object-page menu-item-1481\"><a href=\"https:\/\/elburgo-burgelu.eus\/servicio-de-euskera\/\">Euskera saila<\/a><\/li>\n<li id=\"menu-item-1498\" class=\"menu-item menu-item-type-post_type menu-item-object-page menu-item-1498\"><a href=\"https:\/\/elburgo-burgelu.eus\/area-de-medio-ambiente\/\">Ingurumen Saila<\/a><\/li>\n<li id=\"menu-item-1670\" class=\"menu-item menu-item-type-post_type menu-item-object-page menu-item-1670\"><a href=\"https:\/\/elburgo-burgelu.eus\/servicio-de-archivo\/\">Artxibo saila<\/a><\/li>\n<li id=\"menu-item-1681\" class=\"menu-item menu-item-type-post_type menu-item-object-page menu-item-1681\"><a href=\"https:\/\/elburgo-burgelu.eus\/servicio-de-urbanismo\/\">Hirigintza Zerbitzua<\/a><\/li>\n<li id=\"menu-item-1688\" class=\"menu-item menu-item-type-post_type menu-item-object-page menu-item-1688\"><a href=\"https:\/\/elburgo-burgelu.eus\/?page_id=1686\">Eskaerak<\/a><\/li>\n<li id=\"menu-item-1696\" class=\"menu-item menu-item-type-post_type menu-item-object-page menu-item-1696\"><a href=\"https:\/\/elburgo-burgelu.eus\/portal-de-transparencia\/\">Gardentasun Ataria<\/a><\/li>\n<li id=\"menu-item-2425\" class=\"menu-item menu-item-type-post_type menu-item-object-page menu-item-2425\"><a href=\"https:\/\/elburgo-burgelu.eus\/normativa\/\">Araudiak<\/a><\/li>\n<li id=\"menu-item-2489\" class=\"menu-item menu-item-type-post_type menu-item-object-page menu-item-2489\"><a href=\"https:\/\/elburgo-burgelu.eus\/telefonos-de-interes\/\">Interesgarrian diren telefonoak<\/a><\/li>\n<li id=\"menu-item-2501\" class=\"menu-item menu-item-type-post_type menu-item-object-page menu-item-2501\"><a href=\"https:\/\/elburgo-burgelu.eus\/actas-del-pleno\/\">Batzarren Aktak<\/a><\/li>\n<li id=\"menu-item-2502\" class=\"menu-item menu-item-type-post_type menu-item-object-page menu-item-2502\"><a href=\"https:\/\/elburgo-burgelu.eus\/plan-general-de-ordenacion-urbana\/\">Hiri Antolamendurako Plan Orokorra<\/a><\/li>\n<\/ul><\/div><\/div>                        <\/div>\n                    <\/div>\n                <\/div>\n            <\/div>\n        <\/section>\n        <!-- department-details end -->\n\n        \t\t<\/div>\n\t\t\t\t<\/div>\n\t\t\t\t\t<\/div>\n\t\t<\/div>\n\t\t\t\t\t<\/div>\n\t\t<\/section>\n\t\t\t\t<\/div>\n\t\t","protected":false},"excerpt":{"rendered":"<p>Gardentasunaren Ataria Informazio publikoa eskuratzeko eskubidea oinarrizko eskubide bat da, herritarrek erakunde publikoetatik informazioa eskatu eta jasotzeko aukera ematen diena. Edozein pertsonak, fisikoak zein juridikoak, informazio publikoa eskura dezake, betiere [&hellip;]<\/p>\n","protected":false},"author":3,"featured_media":0,"parent":0,"menu_order":0,"comment_status":"closed","ping_status":"closed","template":"tpl-default-elementor.php","meta":{"_monsterinsights_skip_tracking":false,"_monsterinsights_sitenote_active":false,"_monsterinsights_sitenote_note":"","_monsterinsights_sitenote_category":0,"footnotes":""},"class_list":["post-3255","page","type-page","status-publish","hentry"],"_links":{"self":[{"href":"https:\/\/elburgo-burgelu.eus\/eu\/wp-json\/wp\/v2\/pages\/3255","targetHints":{"allow":["GET"]}}],"collection":[{"href":"https:\/\/elburgo-burgelu.eus\/eu\/wp-json\/wp\/v2\/pages"}],"about":[{"href":"https:\/\/elburgo-burgelu.eus\/eu\/wp-json\/wp\/v2\/types\/page"}],"author":[{"embeddable":true,"href":"https:\/\/elburgo-burgelu.eus\/eu\/wp-json\/wp\/v2\/users\/3"}],"replies":[{"embeddable":true,"href":"https:\/\/elburgo-burgelu.eus\/eu\/wp-json\/wp\/v2\/comments?post=3255"}],"version-history":[{"count":10,"href":"https:\/\/elburgo-burgelu.eus\/eu\/wp-json\/wp\/v2\/pages\/3255\/revisions"}],"predecessor-version":[{"id":3442,"href":"https:\/\/elburgo-burgelu.eus\/eu\/wp-json\/wp\/v2\/pages\/3255\/revisions\/3442"}],"wp:attachment":[{"href":"https:\/\/elburgo-burgelu.eus\/eu\/wp-json\/wp\/v2\/media?parent=3255"}],"curies":[{"name":"wp","href":"https:\/\/api.w.org\/{rel}","templated":true}]}}