{"id":3247,"date":"2024-06-26T18:34:03","date_gmt":"2024-06-26T18:34:03","guid":{"rendered":"https:\/\/elburgo-burgelu.eus\/udalerria\/"},"modified":"2024-11-26T13:58:29","modified_gmt":"2024-11-26T13:58:29","slug":"udalerria","status":"publish","type":"page","link":"https:\/\/elburgo-burgelu.eus\/eu\/udalerria\/","title":{"rendered":"Udalerria"},"content":{"rendered":"\t\t<div data-elementor-type=\"wp-page\" data-elementor-id=\"3247\" class=\"elementor elementor-3247 elementor-1989\" data-elementor-post-type=\"page\">\n\t\t\t\t\t\t<section class=\"elementor-section elementor-top-section elementor-element elementor-element-0cc7ee8 elementor-section-full_width elementor-section-height-default elementor-section-height-default\" data-id=\"0cc7ee8\" data-element_type=\"section\">\n\t\t\t\t\t\t<div class=\"elementor-container elementor-column-gap-default\">\n\t\t\t\t\t<div class=\"elementor-column elementor-col-100 elementor-top-column elementor-element elementor-element-46244cf\" data-id=\"46244cf\" data-element_type=\"column\">\n\t\t\t<div class=\"elementor-widget-wrap elementor-element-populated\">\n\t\t\t\t\t\t<div class=\"elementor-element elementor-element-836e649 elementor-widget elementor-widget-whitehall_department_details\" data-id=\"836e649\" data-element_type=\"widget\" data-widget_type=\"whitehall_department_details.default\">\n\t\t\t\t<div class=\"elementor-widget-container\">\n\t\t\t        \n        <!-- department-details -->\n        <section class=\"department-details bg-color-1 sec-pad-2\">\n            <div class=\"auto-container\">\n                <div class=\"row clearfix\">\n                    <div class=\"col-lg-8 col-md-12 col-sm-12 content-side\">\n                        <div class=\"department-details-content\">\n\t\t\t\t\t\t\t\t\t\t\t\t\t\t\n                            <div class=\"text\">\n                                <h3>Udalerria<\/h3>\n                                <p>Burgeluko udalerria<br><br>\n\nBurgeluko udalerria probintziako hiriburu den Gasteiztik 12 kilometro ingurura dago, eta 634 biztanle ditu. 32,10 km2-ko lurralde hedaduran, 6 herri daude: A\u00f1ua, 61 biztanlerekin; Arburu, 106 biztanlerekin; Argomaiz, 190 biztanlerekin; Burgelu, Udalaren egoitza, 168 biztanlerekin; Gazeta, 53 biztanlerekin; eta Ixona, 56 biztanlerekin. Biztanle guztietatik, %48 emakumeak dira, eta %52, gizonak.\nLan jarduerari dagokionez, biztanleriaren zati batek nekazaritzan eta abeltzaintzan jarduten du, eta horretan, zerealgintzan. Alabaina, biztanle gehienek Gasteizen egiten dute lan.<br>\n\nBurgelutik igarotzen zen Bordele eta Astorga arteko galtzada erromatarra, alegia, geroago, erromesek erabili izan zutena, Done Jakue Bidearen aldaera gisa.\nGaztelako errege Alfontso X.a Jakitunak zenbait errege-bide (errepide zaharrak) eginarazi zituen, galtzada haren zati batzuez baliatuta, Gaztela eta Bizkaiko Golkoko itsasoko portuak lotzeko. Erromesek errege-bide haietako batzuk ere erabili zituzten, Santiagora joateko. Garai hartatik, zenbait eliza eta ermita kontserbatu dira.<br>\n\nLaurogeita hamarreko hamarkadaren amaieran, izugarrizko aldaketa gertatu da Burgeluko udalerrian, biztanle-kopurua nabarmen handitu delako. Udalerria hiriburutik hurbil dagoenez, komunikazio onak daudenez eta herrietako bizimodu lasaia erakargarria denez, familia askok aukeratu dute ohiko etxebizitza udalerriko herriren batean jartzea. Argomaizek eta Burgeluk izan dute azken urteetako fenomeno horren eraginik handiena, baina azken batean, herri guztietako biztanleria handitu da.\nBiztanleria-hazkunde horrek asko aldatu du herrietako funtzionamendua, eta horrez gain, kontuan izan behar da bizimodu desberdineko pertsonak iritsi direla udalerrira bizitzera.<br><br>\n\nBurgeluko Udalak, errealitate horren jakinaren gainean, honako helburu nagusi hauek hartu ditu: auzotar berrien integrazioa erraztea eta harreman-oztopoak desagerraraztea, udalerriko biztanleen arteko elkarbizitza eta, horrenbestez, bizi-kalitatea ahalik onena izan daitezen. Horretarako, gizarte- eta kultura-arloaren barruan jarduera-programa bat jarri du martxan. Programatutako jarduerek topaguneak sortzen dituzte, auzokideen arteko harremanak sustatzeko eta finkatzeko, baita laguntza-sare naturalak sortzeko ere. Horri esker, eta biztanleriaren sektore guztientzako tailerrak eta hainbat kultura-, gizarte- eta kirol-jarduerak antolatuz, lortu da etxe berri askotan dauden hesiak oztopo ez izatea, Burgeluko udalerria osatzen duten biztanle guztien artean.<br><br>\n\nEsku-hartze haren helburuak honako hauek ziren: pertsonek elkar ezagutzea, elkarri laguntzea ahalbidetuko duten harremanak ezartzea eta komunitate- eta herri-zentzua garatzea.<br><br>\n\nJardueren programazioa finkatuz eta zabalduz joan da, eta gaur egun, biztanle askok hartzen dute parte haietan.<br><br>\n\nHarremanetarako eta elkarbizitzarako guneak sustatzeko ildo horretan, hegoaldeko herrialdeei laguntzeko proiektu solidario bat abiarazi da, azken urte hauetan sendotu egin dena eta gaur egun indar handiz aurrera jarraitzen duena.<br><br><br><\/p>\n                            <\/div>\n\t\t\t\t\t\t\t\n\t\t\t\t\t\t\t                            <div class=\"discription-box centred\">\n                                <div class=\"two-column-carousel owl-carousel owl-theme owl-nav-none\">\n                                    \t\t\t\t\t\t\t\t\t<div class=\"single-item\">\n                                        <div class=\"inner-box\">\n                                            <figure class=\"image-box\"><img decoding=\"async\" src=\"https:\/\/elburgo-burgelu.eus\/wp-content\/uploads\/2024\/06\/escudoelburgo-1.png\" alt=\"Awesome Image\"><\/figure>\n                                            <h5>HORARIO ATENCI\u00d3N AL P\u00daBLICO<BR>Lunes a Viernes de 8:30 a 14:30h.<\/h5>\n                                        <\/div>\n                                        <div class=\"overlay-content\">\n                                            <figure class=\"image-box\"><img decoding=\"async\" src=\"https:\/\/elburgo-burgelu.eus\/wp-content\/uploads\/2024\/06\/escudoelburgo-1.png\" alt=\"Awesome Image\"><\/figure>\n                                            <p>Lunes a Viernes de 8:30 a 14:30h.<\/p>\n                                        <\/div>\n                                    <\/div>\n                                    \t\t\t\t\t\t\t\t\t<div class=\"single-item\">\n                                        <div class=\"inner-box\">\n                                            <figure class=\"image-box\"><img decoding=\"async\" src=\"https:\/\/elburgo-burgelu.eus\/wp-content\/uploads\/2024\/06\/escudoelburgo-1.png\" alt=\"Awesome Image\"><\/figure>\n                                            <h5>CONTACTO TELEF\u00d3NICO<BR>945 42 07 13<\/h5>\n                                        <\/div>\n                                        <div class=\"overlay-content\">\n                                            <figure class=\"image-box\"><img decoding=\"async\" src=\"https:\/\/elburgo-burgelu.eus\/wp-content\/uploads\/2024\/06\/escudoelburgo-1.png\" alt=\"Awesome Image\"><\/figure>\n                                            <p>945 42 07 13<\/p>\n                                        <\/div>\n                                    <\/div>\n                                                                    <\/div>\n                            <\/div>\n\t\t\t\t\t\t\t\t\t\t\t\t\t\t\n\t\t\t\t\t\t\t                            <div class=\"highlights-box\">\n                                <div class=\"single-item-carousel owl-carousel owl-theme owl-dots-none\">\n                                                                        <div class=\"row clearfix\">\n                                        <div class=\"col-lg-6 col-md-6 col-sm-12 image-column\">\n                                            <div class=\"image-box\">\n                                                <figure class=\"image\"><img decoding=\"async\" src=\"https:\/\/elburgo-burgelu.eus\/wp-content\/uploads\/2021\/06\/highlights-1.png\" alt=\"Awesome Image\"><\/figure>\n                                                <div class=\"icon-box\"><i class=\"icon flaticon-map\"><\/i><\/div>\n                                            <\/div>\n                                        <\/div>\n                                        <div class=\"col-lg-6 col-md-6 col-sm-12 text-column\">\n                                            <div class=\"text\">\n                                                <h3>Nuestros pueblos<\/h3>\n                                                <p><\/p>\n\t\t\t\t\t\t\t\t\t\t\t\t\n\t\t\t\t\t\t\t\t\t\t\t\t                                                <ul class=\"list clearfix\">\n\t\t\t\t\t\t\t\t\t\t\t\t\t                                                    <li><i class=\"flaticon-bird\"><\/i>Arg\u00f3maniz<\/li>\n\t\t\t\t\t\t\t\t\t\t\t\t\t                                                    <li><i class=\"flaticon-bird\"><\/i>Gazeta<\/li>\n\t\t\t\t\t\t\t\t\t\t\t\t\t                                                    <li><i class=\"flaticon-bird\"><\/i>Hijona<\/li>\n\t\t\t\t\t\t\t\t\t\t\t\t\t                                                    <li><i class=\"flaticon-bird\"><\/i>Az\u00faa<\/li>\n\t\t\t\t\t\t\t\t\t\t\t\t\t                                                    <li><i class=\"flaticon-bird\"><\/i>A\u00f1ua<\/li>\n\t\t\t\t\t\t\t\t\t\t\t\t\t                                                    <li><i class=\"flaticon-bird\"><\/i>Arbulu<\/li>\n\t\t\t\t\t\t\t\t\t\t\t\t\t                                                    <li><i class=\"flaticon-bird\"><\/i>Elburgo<\/li>\n\t\t\t\t\t\t\t\t\t\t\t\t\t                                                <\/ul>\n\t\t\t\t\t\t\t\t\t\t\t\t\t\t\t\t\t\t\t\t\t\t\t\t\n\t\t\t\t\t\t\t\t\t\t\t\t                                                <a href=\"#\">Conocer nuestros pueblos<i class=\"flaticon-right-arrow\"><\/i><\/a>\n\t\t\t\t\t\t\t\t\t\t\t\t                                            <\/div>\n                                        <\/div>\n                                    <\/div>\n                                                                        <div class=\"row clearfix\">\n                                        <div class=\"col-lg-6 col-md-6 col-sm-12 image-column\">\n                                            <div class=\"image-box\">\n                                                <figure class=\"image\"><img decoding=\"async\" src=\"https:\/\/elburgo-burgelu.eus\/wp-content\/uploads\/2021\/06\/highlights-1.png\" alt=\"Awesome Image\"><\/figure>\n                                                <div class=\"icon-box\"><i class=\"icon flaticon-bridge\"><\/i><\/div>\n                                            <\/div>\n                                        <\/div>\n                                        <div class=\"col-lg-6 col-md-6 col-sm-12 text-column\">\n                                            <div class=\"text\">\n                                                <h3>Patrimonio<\/h3>\n                                                <p>En nuestros n\u00facleos contamos con bellos edificios cuya historia y arquitectura son dignos de rese\u00f1ar.<\/p>\n\t\t\t\t\t\t\t\t\t\t\t\t\n\t\t\t\t\t\t\t\t\t\t\t\t\t\t\t\t\t\t\t\t\t\t\t\t\n\t\t\t\t\t\t\t\t\t\t\t\t                                                <a href=\"#\">nuestro patrimonio<i class=\"flaticon-right-arrow\"><\/i><\/a>\n\t\t\t\t\t\t\t\t\t\t\t\t                                            <\/div>\n                                        <\/div>\n                                    <\/div>\n                                                                        <div class=\"row clearfix\">\n                                        <div class=\"col-lg-6 col-md-6 col-sm-12 image-column\">\n                                            <div class=\"image-box\">\n                                                <figure class=\"image\"><img decoding=\"async\" src=\"https:\/\/elburgo-burgelu.eus\/wp-content\/uploads\/2021\/06\/highlights-1.png\" alt=\"Awesome Image\"><\/figure>\n                                                <div class=\"icon-box\"><i class=\"fa fa-city\"><\/i><\/div>\n                                            <\/div>\n                                        <\/div>\n                                        <div class=\"col-lg-6 col-md-6 col-sm-12 text-column\">\n                                            <div class=\"text\">\n                                                <h3>Edificios con historia<\/h3>\n                                                <p>Todo aquello por lo que el tiempo pasa, genera su propia historia. Paseando por nuestro municipio podemos ver que la historia tambi\u00e9n a nosotros nos ha dejado su firma. Tenemos edificios civiles y religiosos, pero tambi\u00e9n existen restos de lo que antes fue algo de valor e importancia para el que vivi\u00f3 en aquella \u00e9poca y que nos ayuda a conocer mejor el entorno en el que vivimos.<\/p>\n\t\t\t\t\t\t\t\t\t\t\t\t\n\t\t\t\t\t\t\t\t\t\t\t\t\t\t\t\t\t\t\t\t\t\t\t\t\n\t\t\t\t\t\t\t\t\t\t\t\t                                                <a href=\"#\">nuestra historia<i class=\"flaticon-right-arrow\"><\/i><\/a>\n\t\t\t\t\t\t\t\t\t\t\t\t                                            <\/div>\n                                        <\/div>\n                                    <\/div>\n                                                                    <\/div>\n                            <\/div>\n\t\t\t\t\t\t\t\t\t\t\t\t\t\t\n\t\t\t\t\t\t\t                            <div class=\"download-box\">\n                                <h3>Horarios<\/h3>\n                                <ul class=\"download-list clearfix\">\n                                    \t\t\t\t\t\t\t\t\t<li>\n                                        <div class=\"icon-box\"><img decoding=\"async\" src=\"https:\/\/elburgo-burgelu.eus\/wp-content\/uploads\/2021\/05\/icon-1.png\" alt=\"Icon\"><\/div>\n                                        <h5>Horario atenci\u00f3n a la ciudadan\u00eda<\/h5>\n                                        <span>pdf (14 mb)<\/span>\n\t\t\t\t\t\t\t\t\t\t\n\t\t\t\t\t\t\t\t\t\t                                        <a href=\"#\">Descargar<\/a>\n\t\t\t\t\t\t\t\t\t\t                                    <\/li>\n                                                                    <\/ul>\n                            <\/div>\n\t\t\t\t\t\t\t                        <\/div>\n                    <\/div>\n\t\t\t\t\t\n                    <div class=\"col-lg-4 col-md-12 col-sm-12 sidebar-side\">\n                        <div class=\"department-sidebar\">\n                                                    <\/div>\n                    <\/div>\n                <\/div>\n            <\/div>\n        <\/section>\n        <!-- department-details end -->\n\n        \t\t<\/div>\n\t\t\t\t<\/div>\n\t\t\t\t\t<\/div>\n\t\t<\/div>\n\t\t\t\t\t<\/div>\n\t\t<\/section>\n\t\t\t\t<\/div>\n\t\t","protected":false},"excerpt":{"rendered":"<p>Udalerria Burgeluko udalerria Burgeluko udalerria probintziako hiriburu den Gasteiztik 12 kilometro ingurura dago, eta 634 biztanle ditu. 32,10 km2-ko lurralde hedaduran, 6 herri daude: A\u00f1ua, 61 biztanlerekin; Arburu, 106 biztanlerekin; [&hellip;]<\/p>\n","protected":false},"author":3,"featured_media":0,"parent":0,"menu_order":0,"comment_status":"closed","ping_status":"closed","template":"tpl-default-elementor.php","meta":{"_monsterinsights_skip_tracking":false,"_monsterinsights_sitenote_active":false,"_monsterinsights_sitenote_note":"","_monsterinsights_sitenote_category":0,"footnotes":""},"class_list":["post-3247","page","type-page","status-publish","hentry"],"_links":{"self":[{"href":"https:\/\/elburgo-burgelu.eus\/eu\/wp-json\/wp\/v2\/pages\/3247","targetHints":{"allow":["GET"]}}],"collection":[{"href":"https:\/\/elburgo-burgelu.eus\/eu\/wp-json\/wp\/v2\/pages"}],"about":[{"href":"https:\/\/elburgo-burgelu.eus\/eu\/wp-json\/wp\/v2\/types\/page"}],"author":[{"embeddable":true,"href":"https:\/\/elburgo-burgelu.eus\/eu\/wp-json\/wp\/v2\/users\/3"}],"replies":[{"embeddable":true,"href":"https:\/\/elburgo-burgelu.eus\/eu\/wp-json\/wp\/v2\/comments?post=3247"}],"version-history":[{"count":4,"href":"https:\/\/elburgo-burgelu.eus\/eu\/wp-json\/wp\/v2\/pages\/3247\/revisions"}],"predecessor-version":[{"id":3305,"href":"https:\/\/elburgo-burgelu.eus\/eu\/wp-json\/wp\/v2\/pages\/3247\/revisions\/3305"}],"wp:attachment":[{"href":"https:\/\/elburgo-burgelu.eus\/eu\/wp-json\/wp\/v2\/media?parent=3247"}],"curies":[{"name":"wp","href":"https:\/\/api.w.org\/{rel}","templated":true}]}}