{"id":3196,"date":"2024-06-20T16:45:40","date_gmt":"2024-06-20T16:45:40","guid":{"rendered":"https:\/\/elburgo-burgelu.eus\/biohazi\/"},"modified":"2024-11-26T12:50:30","modified_gmt":"2024-11-26T12:50:30","slug":"biohazi","status":"publish","type":"page","link":"https:\/\/elburgo-burgelu.eus\/eu\/biohazi\/","title":{"rendered":"BIOHAZI"},"content":{"rendered":"\t\t<div data-elementor-type=\"wp-page\" data-elementor-id=\"3196\" class=\"elementor elementor-3196 elementor-1594\" data-elementor-post-type=\"page\">\n\t\t\t\t\t\t<section class=\"elementor-section elementor-top-section elementor-element elementor-element-0cc7ee8 elementor-section-full_width elementor-section-height-default elementor-section-height-default\" data-id=\"0cc7ee8\" data-element_type=\"section\">\n\t\t\t\t\t\t<div class=\"elementor-container elementor-column-gap-default\">\n\t\t\t\t\t<div class=\"elementor-column elementor-col-100 elementor-top-column elementor-element elementor-element-46244cf\" data-id=\"46244cf\" data-element_type=\"column\">\n\t\t\t<div class=\"elementor-widget-wrap elementor-element-populated\">\n\t\t\t\t\t\t<div class=\"elementor-element elementor-element-836e649 elementor-widget elementor-widget-whitehall_department_details\" data-id=\"836e649\" data-element_type=\"widget\" data-widget_type=\"whitehall_department_details.default\">\n\t\t\t\t<div class=\"elementor-widget-container\">\n\t\t\t        \n        <!-- department-details -->\n        <section class=\"department-details bg-color-1 sec-pad-2\">\n            <div class=\"auto-container\">\n                <div class=\"row clearfix\">\n                    <div class=\"col-lg-8 col-md-12 col-sm-12 content-side\">\n                        <div class=\"department-details-content\">\n\t\t\t\t\t\t\t                            <div class=\"upper-image\">\n                                <figure class=\"image\"><img decoding=\"async\" src=\"https:\/\/elburgo-burgelu.eus\/wp-content\/uploads\/2024\/06\/biohazi600.jpg\" alt=\"Awesome Image\"><\/figure>\n                            <\/div>\n\t\t\t\t\t\t\t\t\t\t\t\t\t\t\n                            <div class=\"text\">\n                                <h3>Biohazi es un proyecto de apoyo a iniciativas agroecol\u00f3gicas.<\/h3>\n                                <p>Biohazi es un proyecto de apoyo a iniciativas agroecol\u00f3gicas, que nace en 2015 impulsado por el Ayuntamiento de Elburgo\/Burgelu, con el apoyo de IHOBE (Gobierno Vasco) y la colaboraci\u00f3n de la red intermunicipal Red Terrae (Territorios Reserva Agroecol\u00f3gicos).\n<br><br>\n\nInicialmente, se han destinado a este proyecto dos parcelas municipales de 1000m2 cada una. Su adjudicaci\u00f3n y uso est\u00e1n regulados por la correspondiente ordenanza municipal y el propio Ayuntamiento asesora en el proceso de comercializaci\u00f3n de productos en circuitos cortos y mercados locales y con una garant\u00eda de calidad (certificaci\u00f3n ecol\u00f3gica por ENEEK).\n.<br><br>\n\n\u00bfPOR QU\u00c9 AGROECOLOG\u00cdA?.<br><br>\n-La producci\u00f3n es local y ecol\u00f3gica.<br>\n-La diversificaci\u00f3n de los productos est\u00e1 ajustada al potencial del territorio.<br>\n-Se aprovechan los ciclos de la materia org\u00e1nica para la fertilizaci\u00f3n del suelo y para reducir enfermedades.<br>\n-Se minimiza la p\u00e9rdida de recursos (nutrientes, agua, y biodiversidad).<br>\n-La venta es en circuitos cortos o venta directa, para fomentar el consumo local. (Eco-KM 0).<br><br>\n\nPor tanto, la agroecolog\u00eda como enfoque ecol\u00f3gico del proceso agr\u00edcola, abarca los aspectos de la producci\u00f3n de alimentos y toma en cuenta los aspectos culturales, sociales y econ\u00f3micos que se relacionan e influyen en la producci\u00f3n.<br><br>\n\n\u00bfQU\u00c9 QUEREMOS FOMENTAR?<br><br>\n\n-Un relevo generacional en el sector y el fomento del empleo.<br>\n-Nutrir el suelo y evitar su p\u00e9rdida.<br>\n- La conservaci\u00f3n de corredores verdes y de biodiversidad.<br>\n- La custodia del territorio para el desarrollo de las actividades agr\u00edcolas y ganaderas proactivas con los valores del paisaje.<br>\n-Un registro administrativo municipal formado por los terrenos sin utilizaci\u00f3n de propietarios interesados en su arrendamiento para que puedan ser cedidos a interesados que demanden iniciativas agroecol\u00f3gicas.<br><br>\n\n\u00bfQU\u00c9 TIENE BIOHAZI?<br><br>\n-Seto perimetral de plantas que crean barrera contra el viento y plantas arom\u00e1ticas que crean biodiversidad.<br>\n-Caseta de aperos. Hecha con t\u00e9cnicas de bioconstrucci\u00f3n y materiales reciclados (neum\u00e1ticos, fardos de paja, ca\u00f1as, arcilla y arena). Con una cubierta verde que es un reservorio de agua, aislante t\u00e9rmico y fuente de oxigeno. Aperos manuales como la biciazada.<br>\n-Sistema de compostaje. Se cierra el ciclo del carbono convirtiendo los restos vegetales en abono org\u00e1nico (compost).<br>\n-Recogida del agua de lluvia, como mecanismo de ahorro de agua.<br>\n-Invernadero. Ayuda a adelantar la cosecha de primavera y en invierno a proteger las plantas de las heladas. Se hace el plantel de lo que se va a plantar de variedades locales y ecol\u00f3gicas.<br>\n\n<\/p>\n                            <\/div>\n\t\t\t\t\t\t\t\n\t\t\t\t\t\t\t                            <div class=\"discription-box centred\">\n                                <div class=\"two-column-carousel owl-carousel owl-theme owl-nav-none\">\n                                    \t\t\t\t\t\t\t\t\t<div class=\"single-item\">\n                                        <div class=\"inner-box\">\n                                            <figure class=\"image-box\"><img decoding=\"async\" src=\"https:\/\/elburgo-burgelu.eus\/wp-content\/uploads\/2024\/06\/escudoelburgo-1.png\" alt=\"Awesome Image\"><\/figure>\n                                            <h5>\u00a1Colegios, asociaciones... ya nos visitan!<\/h5>\n                                        <\/div>\n                                        <div class=\"overlay-content\">\n                                            <figure class=\"image-box\"><img decoding=\"async\" src=\"https:\/\/elburgo-burgelu.eus\/wp-content\/uploads\/2024\/06\/escudoelburgo-1.png\" alt=\"Awesome Image\"><\/figure>\n                                            <p><\/p>\n                                        <\/div>\n                                    <\/div>\n                                    \t\t\t\t\t\t\t\t\t<div class=\"single-item\">\n                                        <div class=\"inner-box\">\n                                            <figure class=\"image-box\"><img decoding=\"async\" src=\"https:\/\/elburgo-burgelu.eus\/wp-content\/uploads\/2024\/06\/escudoelburgo-1.png\" alt=\"Awesome Image\"><\/figure>\n                                            <h5>\u00a1Ac\u00e9rcate y visita Biolortu cuando quieras!<\/h5>\n                                        <\/div>\n                                        <div class=\"overlay-content\">\n                                            <figure class=\"image-box\"><img decoding=\"async\" src=\"https:\/\/elburgo-burgelu.eus\/wp-content\/uploads\/2024\/06\/escudoelburgo-1.png\" alt=\"Awesome Image\"><\/figure>\n                                            <p><\/p>\n                                        <\/div>\n                                    <\/div>\n                                                                    <\/div>\n                            <\/div>\n\t\t\t\t\t\t\t\t\t\t\t\t\t\t\n\t\t\t\t\t\t\t                            <div class=\"highlights-box\">\n                                <div class=\"single-item-carousel owl-carousel owl-theme owl-dots-none\">\n                                                                        <div class=\"row clearfix\">\n                                        <div class=\"col-lg-6 col-md-6 col-sm-12 image-column\">\n                                            <div class=\"image-box\">\n                                                <figure class=\"image\"><img decoding=\"async\" src=\"https:\/\/elburgo-burgelu.eus\/wp-content\/uploads\/2024\/06\/huerto-ecologico-elburgo.png\" alt=\"Awesome Image\"><\/figure>\n                                                <div class=\"icon-box\"><i class=\"fa fa-mountain\"><\/i><\/div>\n                                            <\/div>\n                                        <\/div>\n                                        <div class=\"col-lg-6 col-md-6 col-sm-12 text-column\">\n                                            <div class=\"text\">\n                                                <h3>El Huerto en las 4 estaciones<\/h3>\n                                                <p>Huerto ecol\u00f3gico did\u00e1ctico<\/p>\n\t\t\t\t\t\t\t\t\t\t\t\t\n\t\t\t\t\t\t\t\t\t\t\t\t\t\t\t\t\t\t\t\t\t\t\t\t\n\t\t\t\t\t\t\t\t\t\t\t\t                                                <a href=\"#\">Conocer huerto<i class=\"flaticon-right-arrow\"><\/i><\/a>\n\t\t\t\t\t\t\t\t\t\t\t\t                                            <\/div>\n                                        <\/div>\n                                    <\/div>\n                                                                        <div class=\"row clearfix\">\n                                        <div class=\"col-lg-6 col-md-6 col-sm-12 image-column\">\n                                            <div class=\"image-box\">\n                                                <figure class=\"image\"><img decoding=\"async\" src=\"https:\/\/elburgo-burgelu.eus\/wp-content\/uploads\/2024\/06\/plantas-aromaticas.png\" alt=\"Awesome Image\"><\/figure>\n                                                <div class=\"icon-box\"><i class=\"fa fa-mountain\"><\/i><\/div>\n                                            <\/div>\n                                        <\/div>\n                                        <div class=\"col-lg-6 col-md-6 col-sm-12 text-column\">\n                                            <div class=\"text\">\n                                                <h3>Las plantas arom\u00e1ticas y medicinales del Biolortu<\/h3>\n                                                <p><\/p>\n\t\t\t\t\t\t\t\t\t\t\t\t\n\t\t\t\t\t\t\t\t\t\t\t\t\t\t\t\t\t\t\t\t\t\t\t\t\n\t\t\t\t\t\t\t\t\t\t\t\t                                                <a href=\"#\">Conocer plantas arom\u00e1ticas<i class=\"flaticon-right-arrow\"><\/i><\/a>\n\t\t\t\t\t\t\t\t\t\t\t\t                                            <\/div>\n                                        <\/div>\n                                    <\/div>\n                                                                        <div class=\"row clearfix\">\n                                        <div class=\"col-lg-6 col-md-6 col-sm-12 image-column\">\n                                            <div class=\"image-box\">\n                                                <figure class=\"image\"><img decoding=\"async\" src=\"https:\/\/elburgo-burgelu.eus\/wp-content\/uploads\/2024\/06\/residuos.png\" alt=\"Awesome Image\"><\/figure>\n                                                <div class=\"icon-box\"><i class=\"fa fa-mountain\"><\/i><\/div>\n                                            <\/div>\n                                        <\/div>\n                                        <div class=\"col-lg-6 col-md-6 col-sm-12 text-column\">\n                                            <div class=\"text\">\n                                                <h3>Residuos<\/h3>\n                                                <p><\/p>\n\t\t\t\t\t\t\t\t\t\t\t\t\n\t\t\t\t\t\t\t\t\t\t\t\t\t\t\t\t\t\t\t\t\t\t\t\t\n\t\t\t\t\t\t\t\t\t\t\t\t                                                <a href=\"https:\/\/elburgo-burgelu.eus\/index.php\/departments\/residuos\/\">Ayuda concedida<i class=\"flaticon-right-arrow\"><\/i><\/a>\n\t\t\t\t\t\t\t\t\t\t\t\t                                            <\/div>\n                                        <\/div>\n                                    <\/div>\n                                                                        <div class=\"row clearfix\">\n                                        <div class=\"col-lg-6 col-md-6 col-sm-12 image-column\">\n                                            <div class=\"image-box\">\n                                                <figure class=\"image\"><img decoding=\"async\" src=\"https:\/\/elburgo-burgelu.eus\/wp-content\/uploads\/2024\/06\/compra-verde.png\" alt=\"Awesome Image\"><\/figure>\n                                                <div class=\"icon-box\"><i class=\"fa fa-mountain\"><\/i><\/div>\n                                            <\/div>\n                                        <\/div>\n                                        <div class=\"col-lg-6 col-md-6 col-sm-12 text-column\">\n                                            <div class=\"text\">\n                                                <h3>Contrataci\u00f3n y Compra p\u00fablica verde<\/h3>\n                                                <p><\/p>\n\t\t\t\t\t\t\t\t\t\t\t\t\n\t\t\t\t\t\t\t\t\t\t\t\t\t\t\t\t\t\t\t\t\t\t\t\t\n\t\t\t\t\t\t\t\t\t\t\t\t                                                <a href=\"https:\/\/elburgo-burgelu.eus\/index.php\/departments\/contratacion-y-compra-publica-verde\/\">\u00bfQU\u00c9 ES LA CONTRATACI\u00d3N Y COMPRA P\u00daBLICA VERDE?<i class=\"flaticon-right-arrow\"><\/i><\/a>\n\t\t\t\t\t\t\t\t\t\t\t\t                                            <\/div>\n                                        <\/div>\n                                    <\/div>\n                                                                        <div class=\"row clearfix\">\n                                        <div class=\"col-lg-6 col-md-6 col-sm-12 image-column\">\n                                            <div class=\"image-box\">\n                                                <figure class=\"image\"><img decoding=\"async\" src=\"https:\/\/elburgo-burgelu.eus\/wp-content\/uploads\/2024\/06\/reto.png\" alt=\"Awesome Image\"><\/figure>\n                                                <div class=\"icon-box\"><i class=\"fa fa-mountain\"><\/i><\/div>\n                                            <\/div>\n                                        <\/div>\n                                        <div class=\"col-lg-6 col-md-6 col-sm-12 text-column\">\n                                            <div class=\"text\">\n                                                <h3>\u00a1\u00danete a la lucha contra el despilfarro de alimentos!<\/h3>\n                                                <p><\/p>\n\t\t\t\t\t\t\t\t\t\t\t\t\n\t\t\t\t\t\t\t\t\t\t\t\t\t\t\t\t\t\t\t\t\t\t\t\t\n\t\t\t\t\t\t\t\t\t\t\t\t                                                <a href=\"https:\/\/elburgo-burgelu.eus\/index.php\/departments\/unete-a-la-lucha-contra-el-despilfarro-de-alimentos\/\">TE PROPONEMOS 12 RETOS PARA LUCHAR CONTRA EL DESPERDICIO DE ALIMENTOS:<i class=\"flaticon-right-arrow\"><\/i><\/a>\n\t\t\t\t\t\t\t\t\t\t\t\t                                            <\/div>\n                                        <\/div>\n                                    <\/div>\n                                                                    <\/div>\n                            <\/div>\n\t\t\t\t\t\t\t\t\t\t\t\t\t\t\n\t\t\t\t\t\t\t                            <div class=\"download-box\">\n                                <h3>Horarios<\/h3>\n                                <ul class=\"download-list clearfix\">\n                                    \t\t\t\t\t\t\t\t\t<li>\n                                        <div class=\"icon-box\"><img decoding=\"async\" src=\"https:\/\/elburgo-burgelu.eus\/wp-content\/uploads\/2021\/05\/icon-1.png\" alt=\"Icon\"><\/div>\n                                        <h5>El horario de atenci\u00f3n al p\u00fablico<\/h5>\n                                        <span>pdf (14 mb)<\/span>\n\t\t\t\t\t\t\t\t\t\t\n\t\t\t\t\t\t\t\t\t\t                                        <a href=\"#\">Descargar<\/a>\n\t\t\t\t\t\t\t\t\t\t                                    <\/li>\n                                                                    <\/ul>\n                            <\/div>\n\t\t\t\t\t\t\t                        <\/div>\n                    <\/div>\n\t\t\t\t\t\n                    <div class=\"col-lg-4 col-md-12 col-sm-12 sidebar-side\">\n                        <div class=\"department-sidebar\">\n                            <div id=\"block-8\" class=\"department-widget widget widget_block widget_text\">\n<p><\/p>\n<\/div><div id=\"nav_menu-36\" class=\"department-widget widget widget_nav_menu\"><div class=\"menu-services-sidebar-container\"><ul id=\"menu-services-sidebar\" class=\"menu\"><li id=\"menu-item-1074\" class=\"menu-item menu-item-type-post_type menu-item-object-page menu-item-1074\"><a href=\"https:\/\/elburgo-burgelu.eus\/servicio-de-atencion-ciudadana\/\">Herritarrentzako zerbitzua<\/a><\/li>\n<li id=\"menu-item-1437\" class=\"menu-item menu-item-type-post_type menu-item-object-page menu-item-1437\"><a href=\"https:\/\/elburgo-burgelu.eus\/area-de-servicios-sociales-de-base\/\">Gizarte zerbitzuen saila<\/a><\/li>\n<li id=\"menu-item-1456\" class=\"menu-item menu-item-type-post_type menu-item-object-page menu-item-1456\"><a href=\"https:\/\/elburgo-burgelu.eus\/servicio-de-igualdad\/\">Berdintasun Saila<\/a><\/li>\n<li id=\"menu-item-1459\" class=\"menu-item menu-item-type-post_type menu-item-object-page menu-item-1459\"><a href=\"https:\/\/elburgo-burgelu.eus\/area-de-cultura\/\">Kultura saila<\/a><\/li>\n<li id=\"menu-item-1481\" class=\"menu-item menu-item-type-post_type menu-item-object-page menu-item-1481\"><a href=\"https:\/\/elburgo-burgelu.eus\/servicio-de-euskera\/\">Euskera saila<\/a><\/li>\n<li id=\"menu-item-1498\" class=\"menu-item menu-item-type-post_type menu-item-object-page menu-item-1498\"><a href=\"https:\/\/elburgo-burgelu.eus\/area-de-medio-ambiente\/\">Ingurumen Saila<\/a><\/li>\n<li id=\"menu-item-1670\" class=\"menu-item menu-item-type-post_type menu-item-object-page menu-item-1670\"><a href=\"https:\/\/elburgo-burgelu.eus\/servicio-de-archivo\/\">Artxibo saila<\/a><\/li>\n<li id=\"menu-item-1681\" class=\"menu-item menu-item-type-post_type menu-item-object-page menu-item-1681\"><a href=\"https:\/\/elburgo-burgelu.eus\/servicio-de-urbanismo\/\">Hirigintza Zerbitzua<\/a><\/li>\n<li id=\"menu-item-1688\" class=\"menu-item menu-item-type-post_type menu-item-object-page menu-item-1688\"><a href=\"https:\/\/elburgo-burgelu.eus\/?page_id=1686\">Eskaerak<\/a><\/li>\n<li id=\"menu-item-1696\" class=\"menu-item menu-item-type-post_type menu-item-object-page menu-item-1696\"><a href=\"https:\/\/elburgo-burgelu.eus\/portal-de-transparencia\/\">Gardentasun Ataria<\/a><\/li>\n<li id=\"menu-item-2425\" class=\"menu-item menu-item-type-post_type menu-item-object-page menu-item-2425\"><a href=\"https:\/\/elburgo-burgelu.eus\/normativa\/\">Araudiak<\/a><\/li>\n<li id=\"menu-item-2489\" class=\"menu-item menu-item-type-post_type menu-item-object-page menu-item-2489\"><a href=\"https:\/\/elburgo-burgelu.eus\/telefonos-de-interes\/\">Interesgarrian diren telefonoak<\/a><\/li>\n<li id=\"menu-item-2501\" class=\"menu-item menu-item-type-post_type menu-item-object-page menu-item-2501\"><a href=\"https:\/\/elburgo-burgelu.eus\/actas-del-pleno\/\">Batzarren Aktak<\/a><\/li>\n<li id=\"menu-item-2502\" class=\"menu-item menu-item-type-post_type menu-item-object-page menu-item-2502\"><a href=\"https:\/\/elburgo-burgelu.eus\/plan-general-de-ordenacion-urbana\/\">Hiri Antolamendurako Plan Orokorra<\/a><\/li>\n<\/ul><\/div><\/div>                        <\/div>\n                    <\/div>\n                <\/div>\n            <\/div>\n        <\/section>\n        <!-- department-details end -->\n\n        \t\t<\/div>\n\t\t\t\t<\/div>\n\t\t\t\t\t<\/div>\n\t\t<\/div>\n\t\t\t\t\t<\/div>\n\t\t<\/section>\n\t\t\t\t<\/div>\n\t\t","protected":false},"excerpt":{"rendered":"<p>Biohazi es un proyecto de apoyo a iniciativas agroecol\u00f3gicas. Biohazi es un proyecto de apoyo a iniciativas agroecol\u00f3gicas, que nace en 2015 impulsado por el Ayuntamiento de Elburgo\/Burgelu, con el [&hellip;]<\/p>\n","protected":false},"author":3,"featured_media":0,"parent":0,"menu_order":0,"comment_status":"closed","ping_status":"closed","template":"tpl-default-elementor.php","meta":{"_monsterinsights_skip_tracking":false,"_monsterinsights_sitenote_active":false,"_monsterinsights_sitenote_note":"","_monsterinsights_sitenote_category":0,"footnotes":""},"class_list":["post-3196","page","type-page","status-publish","hentry"],"_links":{"self":[{"href":"https:\/\/elburgo-burgelu.eus\/eu\/wp-json\/wp\/v2\/pages\/3196","targetHints":{"allow":["GET"]}}],"collection":[{"href":"https:\/\/elburgo-burgelu.eus\/eu\/wp-json\/wp\/v2\/pages"}],"about":[{"href":"https:\/\/elburgo-burgelu.eus\/eu\/wp-json\/wp\/v2\/types\/page"}],"author":[{"embeddable":true,"href":"https:\/\/elburgo-burgelu.eus\/eu\/wp-json\/wp\/v2\/users\/3"}],"replies":[{"embeddable":true,"href":"https:\/\/elburgo-burgelu.eus\/eu\/wp-json\/wp\/v2\/comments?post=3196"}],"version-history":[{"count":1,"href":"https:\/\/elburgo-burgelu.eus\/eu\/wp-json\/wp\/v2\/pages\/3196\/revisions"}],"predecessor-version":[{"id":3198,"href":"https:\/\/elburgo-burgelu.eus\/eu\/wp-json\/wp\/v2\/pages\/3196\/revisions\/3198"}],"wp:attachment":[{"href":"https:\/\/elburgo-burgelu.eus\/eu\/wp-json\/wp\/v2\/media?parent=3196"}],"curies":[{"name":"wp","href":"https:\/\/api.w.org\/{rel}","templated":true}]}}